{"id":41,"date":"2014-11-06T21:12:34","date_gmt":"2014-11-06T19:12:34","guid":{"rendered":"http:\/\/www.grundschule-jesewitz.de\/html\/?page_id=41"},"modified":"2023-10-23T11:03:01","modified_gmt":"2023-10-23T09:03:01","slug":"schueleraustausch","status":"publish","type":"page","link":"https:\/\/www.grundschule-jesewitz.de\/html\/?page_id=41","title":{"rendered":"Sch\u00fcleraustausch"},"content":{"rendered":"\n<p>Auch im Schuljahr 2023\/24 wird der Sch\u00fcleraustausch auf postalischem Wege stattfinden.<\/p>\n\n\n\n<p>F\u00fcr die Sch\u00fcler wurde an der Partnerschule in Kobylin (Polen) ein Euro-Camp organisiert, in dem sie Kinder vieler europ\u00e4ischer L\u00e4nder treffen. Aus diesem Grund konnte keine geeignete Sch\u00fclergruppe zusammengestellt werden.<\/p>\n","protected":false},"excerpt":{"rendered":"<p>Auch im Schuljahr 2023\/24 wird der Sch\u00fcleraustausch auf postalischem Wege stattfinden. F\u00fcr die Sch\u00fcler wurde an der Partnerschule in Kobylin (Polen) ein Euro-Camp organisiert, in dem sie Kinder vieler europ\u00e4ischer [&hellip;]<\/p>\n","protected":false},"author":1,"featured_media":0,"parent":0,"menu_order":0,"comment_status":"closed","ping_status":"closed","template":"","meta":{"footnotes":""},"tags":[],"class_list":["post-41","page","type-page","status-publish","hentry"],"jetpack_sharing_enabled":true,"_links":{"self":[{"href":"https:\/\/www.grundschule-jesewitz.de\/html\/index.php?rest_route=\/wp\/v2\/pages\/41","targetHints":{"allow":["GET"]}}],"collection":[{"href":"https:\/\/www.grundschule-jesewitz.de\/html\/index.php?rest_route=\/wp\/v2\/pages"}],"about":[{"href":"https:\/\/www.grundschule-jesewitz.de\/html\/index.php?rest_route=\/wp\/v2\/types\/page"}],"author":[{"embeddable":true,"href":"https:\/\/www.grundschule-jesewitz.de\/html\/index.php?rest_route=\/wp\/v2\/users\/1"}],"replies":[{"embeddable":true,"href":"https:\/\/www.grundschule-jesewitz.de\/html\/index.php?rest_route=%2Fwp%2Fv2%2Fcomments&post=41"}],"version-history":[{"count":16,"href":"https:\/\/www.grundschule-jesewitz.de\/html\/index.php?rest_route=\/wp\/v2\/pages\/41\/revisions"}],"predecessor-version":[{"id":2282,"href":"https:\/\/www.grundschule-jesewitz.de\/html\/index.php?rest_route=\/wp\/v2\/pages\/41\/revisions\/2282"}],"wp:attachment":[{"href":"https:\/\/www.grundschule-jesewitz.de\/html\/index.php?rest_route=%2Fwp%2Fv2%2Fmedia&parent=41"}],"wp:term":[{"taxonomy":"post_tag","embeddable":true,"href":"https:\/\/www.grundschule-jesewitz.de\/html\/index.php?rest_route=%2Fwp%2Fv2%2Ftags&post=41"}],"curies":[{"name":"wp","href":"https:\/\/api.w.org\/{rel}","templated":true}]}}