{"id":2317,"date":"2024-01-10T13:23:54","date_gmt":"2024-01-10T12:23:54","guid":{"rendered":"https:\/\/www.grundschule-jesewitz.de\/html\/?page_id=2317"},"modified":"2026-04-27T10:42:27","modified_gmt":"2026-04-27T08:42:27","slug":"hort","status":"publish","type":"page","link":"https:\/\/www.grundschule-jesewitz.de\/html\/?page_id=2317","title":{"rendered":"Hort"},"content":{"rendered":"\n<p><\/p>\n\n\n\n<p class=\"has-text-align-center\">Liebe Eltern,<br>hiermit m\u00f6chten wir Sie freundlich darauf hinweisen, dass die Aufsichtspflicht f\u00fcr die Buskinder mit dem L\u00e4uten der sogenannten &#8222;Busklingel&#8220; (13 Uhr, 14Uhr, 15 Uhr), sowie dem anschlie\u00dfenden Zusammenrufen der Kinder auf dem Schulhof bzw. in den Hortr\u00e4umen endet. <br>Ab diesem Zeitpunkt begeben sich die Kinder eigenst\u00e4ndig zur Bushaltestelle. Sollten Kinder die Bushaltestelle verlassen, liegt die weitere Aufsichtspflicht bzw. Haftung bei den Eltern.<br>Wir bitten Sie, dies mit Ihren Kindern entpsrechend zu besprechen und danken Ihnen f\u00fcr Ihr Verst\u00e4ndnis und ihre Unterst\u00fctzung.<br>Trotzdem wird, nach wie vor, eine Fachkraft zur Aufsicht 14 bzw. 15 Uhr mit an der Haltestelle stehen.<\/p>\n\n\n\n<p>Ab dem 30.03. herrscht im Hort ein <strong>Verbot der Bayblades<\/strong>. <br>Es gab zu viele Vorf\u00e4lle (Verletzungen, Diebstahl etc.). <br>Au\u00dferdem ist das Kauen von Kaugummi w\u00e4hrend der Hortzeit aus Sicherheitsgr\u00fcnden ebenfalls verboten. <\/p>\n\n\n\n<p><strong>Liebe Kinder, liebe Eltern<\/strong><br>Jede Klasse hat einen festen Ansprechpartner, also bitte z\u00f6gern Sie nicht auf uns zuzukommen, wenn Sie Fragen oder Anregungen haben.<br>Klasse 1a &#8211; Frau Schmidt<br>Klasse 1b &#8211; Frau Schirm<br>Klasse 2a &#8211; Herr Jenning<br>Klasse 2b &#8211; Frau Tretbar<br>Klasse 3a &#8211; Frau Kresse<br>Klasse 3b &#8211; Frau Sahr<br>Klasse 4a &#8211; Frau Siegl<br>Klasse 4b &#8211; Frau Schirm<\/p>\n\n\n\n<p><strong>Wir m\u00f6chten auch nochmal darauf hinweisen, dass der Hort nun ein Diensthandy besitzt, welches bitte f\u00fcr Anrufe genutzt werden soll.<br>Telefonnummer: 0175 2642011<\/strong><br>ACHTUNG: Folgende Zeiten gelten f\u00fcr das Handy<br>6.45 &#8211; 7.15 Uhr<br>11.45 &#8211; 16.00 Uhr<br>Zwischen diesen Zeiten ist das Horthandy nicht besetzt.<br>Dann bitte im Kindergarten oder in der Krippe anrufen.<br>Vielen Dank<br><\/p>\n\n\n\n<p><strong>Schlie\u00dftage 2026<\/strong><br><br>Am <strong>15.05.<\/strong> haben wir Br\u00fcckentag. Schule, Krippe, KiGa und Hort hat geschlossen.<br>Am <strong>9.11.<\/strong> findet unserer 2. p\u00e4dagogischer Tag statt. Somit gibt es <strong>keine Hortbetreuung<\/strong> nach dem Unterricht.<br><\/p>\n\n\n\n<p><strong>Unsere Aktivit\u00e4ten zum Wochenausklang<\/strong> (jeden Freitag von 13.00 &#8211; 14.30 Uhr)<br><br>01.05. -> Feiertag <br>08.05. -> Wir basteln Mutter- und Vatertagsgeschenke<br>15.05. -> Br\u00fcckentag (Hort hat geschlossen)<br>22.05. -> Hortrat (12.30- 13 Uhr) + Alles was rollt (Roller, Inliner, Fahrrad, alles ist erlaubt, aber bitte mit Helm und Sch\u00fctzer)<br>29.05. -> Fu\u00dfball + Entspannung<br>05.06. -> Spiel- und Spa\u00dfnachmittag <br>12.06. -> 12-14 Uhr kommt ein B\u00fcrgerpolizist und stellt sich den Fragen der Kinder<br>19.06. -> Wasserspiele (bringt gerne Wasserspritzpistolen mit; Wechselsachen und Handtuch nicht vergessen)<br>26.06. -> Yoga + Volleyball<br>03.07. -> Entspannter Start in die Sommerferien =)<\/p>\n\n\n\n<p><\/p>\n\n\n\n<p><\/p>\n\n\n\n<p><\/p>\n","protected":false},"excerpt":{"rendered":"<p>Liebe Eltern,hiermit m\u00f6chten wir Sie freundlich darauf hinweisen, dass die Aufsichtspflicht f\u00fcr die Buskinder mit dem L\u00e4uten der sogenannten &#8222;Busklingel&#8220; (13 Uhr, 14Uhr, 15 Uhr), sowie dem anschlie\u00dfenden Zusammenrufen der [&hellip;]<\/p>\n","protected":false},"author":1,"featured_media":0,"parent":0,"menu_order":0,"comment_status":"closed","ping_status":"closed","template":"","meta":{"footnotes":""},"tags":[],"class_list":["post-2317","page","type-page","status-publish","hentry"],"jetpack_sharing_enabled":true,"_links":{"self":[{"href":"https:\/\/www.grundschule-jesewitz.de\/html\/index.php?rest_route=\/wp\/v2\/pages\/2317","targetHints":{"allow":["GET"]}}],"collection":[{"href":"https:\/\/www.grundschule-jesewitz.de\/html\/index.php?rest_route=\/wp\/v2\/pages"}],"about":[{"href":"https:\/\/www.grundschule-jesewitz.de\/html\/index.php?rest_route=\/wp\/v2\/types\/page"}],"author":[{"embeddable":true,"href":"https:\/\/www.grundschule-jesewitz.de\/html\/index.php?rest_route=\/wp\/v2\/users\/1"}],"replies":[{"embeddable":true,"href":"https:\/\/www.grundschule-jesewitz.de\/html\/index.php?rest_route=%2Fwp%2Fv2%2Fcomments&post=2317"}],"version-history":[{"count":38,"href":"https:\/\/www.grundschule-jesewitz.de\/html\/index.php?rest_route=\/wp\/v2\/pages\/2317\/revisions"}],"predecessor-version":[{"id":2554,"href":"https:\/\/www.grundschule-jesewitz.de\/html\/index.php?rest_route=\/wp\/v2\/pages\/2317\/revisions\/2554"}],"wp:attachment":[{"href":"https:\/\/www.grundschule-jesewitz.de\/html\/index.php?rest_route=%2Fwp%2Fv2%2Fmedia&parent=2317"}],"wp:term":[{"taxonomy":"post_tag","embeddable":true,"href":"https:\/\/www.grundschule-jesewitz.de\/html\/index.php?rest_route=%2Fwp%2Fv2%2Ftags&post=2317"}],"curies":[{"name":"wp","href":"https:\/\/api.w.org\/{rel}","templated":true}]}}