{"id":188,"date":"2015-02-10T10:42:55","date_gmt":"2015-02-10T08:42:55","guid":{"rendered":"http:\/\/www.grundschule-jesewitz.de\/html\/?page_id=188"},"modified":"2015-09-04T10:05:54","modified_gmt":"2015-09-04T08:05:54","slug":"schule","status":"publish","type":"page","link":"https:\/\/www.grundschule-jesewitz.de\/html\/?page_id=188","title":{"rendered":"Schule"},"content":{"rendered":"<p>Unser Schulhaus wurde 1962 er\u00f6ffnet. Das Geb\u00e4ude befindet sich in der N\u00e4he der Ortsmitte des Dorfes Jesewitz, in unmittelbarer Nachbarschaft zur Kindertagesst\u00e4tte \u201eM\u00e4useland\u201c, zur Turnhalle, zum Sportplatz und zum Vereinsheim der Sportvereinigung Jesewitz e.V. Die Turnhalle und der Sportplatz werden gemeinsam genutzt. Zum B\u00fcrgerhaus und zur Bibliothek sind es nur wenige Gehminuten.<\/p>\n<p>Die Bushaltestelle befindet sich unmittelbar vor der T\u00fcr. T\u00e4glich wird unsere Schule von Kindern aus 15 D\u00f6rfern der Gemeinde Jesewitz besucht:<\/p>\n<ul>\n<li>Jesewitz \u00a0 \u00a0 \u00a0 \u00a0 \u00a0 \u00a0 \u00a0 \u00a0 \u00a0 \u00a0 \u00a0 \u00a0 \u00a0 \u00a0 \u00a0 \u00a0 \u00a0 \u00a0 \u00a0<img data-recalc-dims=\"1\" loading=\"lazy\" decoding=\"async\" class=\"size-medium wp-image-226 alignright\" src=\"https:\/\/i0.wp.com\/www.grundschule-jesewitz.de\/html\/wp-content\/uploads\/2015\/02\/LogoGrundschule-gro%C3%9F-261x300.jpg?resize=261%2C300&#038;ssl=1\" alt=\"LogoGrundschule gro\u00df\" width=\"261\" height=\"300\" \/><\/li>\n<li>W\u00f6lpern<\/li>\n<li>B\u00f6tzen<\/li>\n<li>Gordemitz<\/li>\n<li>Jesewitz\/Bahnhof<\/li>\n<li>Gallen<\/li>\n<li>Ochelmitz<\/li>\n<li>Gostemitz<\/li>\n<li>Gotha<\/li>\n<li>Pehritzsch<\/li>\n<li>Kossen<\/li>\n<li>Groitzsch<\/li>\n<li>Weltewitz<\/li>\n<li>Liemehna<\/li>\n<li>W\u00f6llmen<\/li>\n<\/ul>\n<p>Die Kinder erreichen unsere Schule mit Bussen im Linienverkehr, im PKW der Eltern oder zu Fu\u00df. Nach dem Unterricht besuchen fast alle Kinder den Hort der Kindertagesst\u00e4tte \u201eM\u00e4useland\u201c im Nachbargeb\u00e4ude.<\/p>\n","protected":false},"excerpt":{"rendered":"<p>Unser Schulhaus wurde 1962 er\u00f6ffnet. Das Geb\u00e4ude befindet sich in der N\u00e4he der Ortsmitte des Dorfes Jesewitz, in unmittelbarer Nachbarschaft zur Kindertagesst\u00e4tte \u201eM\u00e4useland\u201c, zur Turnhalle, zum Sportplatz und zum Vereinsheim [&hellip;]<\/p>\n","protected":false},"author":1,"featured_media":0,"parent":0,"menu_order":0,"comment_status":"closed","ping_status":"closed","template":"","meta":{"footnotes":""},"tags":[],"class_list":["post-188","page","type-page","status-publish","hentry"],"jetpack_sharing_enabled":true,"_links":{"self":[{"href":"https:\/\/www.grundschule-jesewitz.de\/html\/index.php?rest_route=\/wp\/v2\/pages\/188","targetHints":{"allow":["GET"]}}],"collection":[{"href":"https:\/\/www.grundschule-jesewitz.de\/html\/index.php?rest_route=\/wp\/v2\/pages"}],"about":[{"href":"https:\/\/www.grundschule-jesewitz.de\/html\/index.php?rest_route=\/wp\/v2\/types\/page"}],"author":[{"embeddable":true,"href":"https:\/\/www.grundschule-jesewitz.de\/html\/index.php?rest_route=\/wp\/v2\/users\/1"}],"replies":[{"embeddable":true,"href":"https:\/\/www.grundschule-jesewitz.de\/html\/index.php?rest_route=%2Fwp%2Fv2%2Fcomments&post=188"}],"version-history":[{"count":4,"href":"https:\/\/www.grundschule-jesewitz.de\/html\/index.php?rest_route=\/wp\/v2\/pages\/188\/revisions"}],"predecessor-version":[{"id":455,"href":"https:\/\/www.grundschule-jesewitz.de\/html\/index.php?rest_route=\/wp\/v2\/pages\/188\/revisions\/455"}],"wp:attachment":[{"href":"https:\/\/www.grundschule-jesewitz.de\/html\/index.php?rest_route=%2Fwp%2Fv2%2Fmedia&parent=188"}],"wp:term":[{"taxonomy":"post_tag","embeddable":true,"href":"https:\/\/www.grundschule-jesewitz.de\/html\/index.php?rest_route=%2Fwp%2Fv2%2Ftags&post=188"}],"curies":[{"name":"wp","href":"https:\/\/api.w.org\/{rel}","templated":true}]}}