{"id":140,"date":"2015-02-10T09:37:46","date_gmt":"2015-02-10T07:37:46","guid":{"rendered":"http:\/\/www.grundschule-jesewitz.de\/html\/?page_id=140"},"modified":"2026-01-08T14:15:25","modified_gmt":"2026-01-08T13:15:25","slug":"ganztagsangebote","status":"publish","type":"page","link":"https:\/\/www.grundschule-jesewitz.de\/html\/?page_id=140","title":{"rendered":"Ganztagsangebote im Schuljahr"},"content":{"rendered":"\n<p><\/p>\n\n\n\n<p>In Zusammenarbeit mit den Erzieherinnen und Erziehern unserer Kita \u201eM\u00e4useland\u201c , dem Lehrerteam und zahlreichen externen Partnern konnte f\u00fcr die Grundschule Jesewitz ein umfangreiches zus\u00e4tzliches und au\u00dferschulisches Programm aufgestellt werden, bei dem die individuelle F\u00f6rderung und Forderung jedes Kindes im Mittelpunkt steht. Grundlage des Programms sind Mittelzuweisungen des Freistaates Sachsen im Bereich \u201eGanztagsangebote\u201c und der Gemeinde Jesewitz.<\/p>\n\n\n\n<p>Drei S\u00e4ulen bilden den Kern unserer F\u00f6rderung:<\/p>\n\n\n\n<p>1.&nbsp;&nbsp;&nbsp;&nbsp;&nbsp;&nbsp;&nbsp;F\u00f6rderb\u00e4nder in allen Klassen<\/p>\n\n\n\n<p>2.\u00a0\u00a0\u00a0\u00a0\u00a0\u00a0\u00a0Freiwillige Arbeitsgemeinschaften am Nachmittag.<\/p>\n\n\n\n<p>Wir w\u00fcnschen den Kindern viel Freude, neue Erkenntnisse und Erfolg beim Besuch der verschiedenen Kurse, Angebote und Arbeitsgemeinschaften.<\/p>\n\n\n\n<p>Frau Br\u00f6se<\/p>\n\n\n\n<p>Schulleiterin und Organisatorin<\/p>\n\n\n\n<p><\/p>\n","protected":false},"excerpt":{"rendered":"<p>In Zusammenarbeit mit den Erzieherinnen und Erziehern unserer Kita \u201eM\u00e4useland\u201c , dem Lehrerteam und zahlreichen externen Partnern konnte f\u00fcr die Grundschule Jesewitz ein umfangreiches zus\u00e4tzliches und au\u00dferschulisches Programm aufgestellt werden, [&hellip;]<\/p>\n","protected":false},"author":1,"featured_media":0,"parent":0,"menu_order":0,"comment_status":"closed","ping_status":"closed","template":"","meta":{"footnotes":""},"tags":[],"class_list":["post-140","page","type-page","status-publish","hentry"],"jetpack_sharing_enabled":true,"_links":{"self":[{"href":"https:\/\/www.grundschule-jesewitz.de\/html\/index.php?rest_route=\/wp\/v2\/pages\/140","targetHints":{"allow":["GET"]}}],"collection":[{"href":"https:\/\/www.grundschule-jesewitz.de\/html\/index.php?rest_route=\/wp\/v2\/pages"}],"about":[{"href":"https:\/\/www.grundschule-jesewitz.de\/html\/index.php?rest_route=\/wp\/v2\/types\/page"}],"author":[{"embeddable":true,"href":"https:\/\/www.grundschule-jesewitz.de\/html\/index.php?rest_route=\/wp\/v2\/users\/1"}],"replies":[{"embeddable":true,"href":"https:\/\/www.grundschule-jesewitz.de\/html\/index.php?rest_route=%2Fwp%2Fv2%2Fcomments&post=140"}],"version-history":[{"count":32,"href":"https:\/\/www.grundschule-jesewitz.de\/html\/index.php?rest_route=\/wp\/v2\/pages\/140\/revisions"}],"predecessor-version":[{"id":2515,"href":"https:\/\/www.grundschule-jesewitz.de\/html\/index.php?rest_route=\/wp\/v2\/pages\/140\/revisions\/2515"}],"wp:attachment":[{"href":"https:\/\/www.grundschule-jesewitz.de\/html\/index.php?rest_route=%2Fwp%2Fv2%2Fmedia&parent=140"}],"wp:term":[{"taxonomy":"post_tag","embeddable":true,"href":"https:\/\/www.grundschule-jesewitz.de\/html\/index.php?rest_route=%2Fwp%2Fv2%2Ftags&post=140"}],"curies":[{"name":"wp","href":"https:\/\/api.w.org\/{rel}","templated":true}]}}